{"id":9,"date":"2021-05-21T09:31:42","date_gmt":"2021-05-21T07:31:42","guid":{"rendered":"http:\/\/katerina.jedlicka.live\/?page_id=9"},"modified":"2023-08-28T20:51:45","modified_gmt":"2023-08-28T18:51:45","slug":"menu","status":"publish","type":"page","link":"https:\/\/katerina.jedlicka.live\/","title":{"rendered":"V\u00edtejte v kreativn\u00edm pekle!"},"content":{"rendered":"\n<div class=\"wp-block-media-text is-stacked-on-mobile\"><figure class=\"wp-block-media-text__media\"><a href=\"https:\/\/katerina.jedlicka.live\/index.php\/prispevky-2\/\"><img decoding=\"async\" loading=\"lazy\" width=\"1024\" height=\"768\" src=\"https:\/\/katerina.jedlicka.live\/wp-content\/uploads\/2023\/08\/tvorba-2-1024x768.png\" alt=\"\" class=\"wp-image-2647 size-full\" srcset=\"https:\/\/katerina.jedlicka.live\/wp-content\/uploads\/2023\/08\/tvorba-2-1024x768.png 1024w, https:\/\/katerina.jedlicka.live\/wp-content\/uploads\/2023\/08\/tvorba-2-300x225.png 300w, https:\/\/katerina.jedlicka.live\/wp-content\/uploads\/2023\/08\/tvorba-2-768x576.png 768w, https:\/\/katerina.jedlicka.live\/wp-content\/uploads\/2023\/08\/tvorba-2-1536x1152.png 1536w, https:\/\/katerina.jedlicka.live\/wp-content\/uploads\/2023\/08\/tvorba-2-2048x1536.png 2048w\" sizes=\"(max-width: 1024px) 100vw, 1024px\" \/><\/a><\/figure><div class=\"wp-block-media-text__content\">\n<p><a href=\"https:\/\/katerina.jedlicka.live\/index.php\/prispevky-2\/\" title=\"TVORBA V\u0160EHO DRUHU\">TVORBA V\u0160EHO DRUHU<\/a><\/p>\n\n\n\n<p><em>Ujist\u011bte se, \u017ee \u0161patn\u00ed um\u011blci je\u0161t\u011b nevym\u0159eli&#8230;<\/em><\/p>\n<\/div><\/div>\n\n\n\n<div class=\"wp-block-media-text is-stacked-on-mobile\"><figure class=\"wp-block-media-text__media\"><a href=\"https:\/\/katerina.jedlicka.live\/index.php\/o-nas\/\"><img decoding=\"async\" loading=\"lazy\" width=\"1024\" height=\"768\" src=\"https:\/\/katerina.jedlicka.live\/wp-content\/uploads\/2023\/08\/jedle-1024x768.png\" alt=\"\" class=\"wp-image-2653 size-full\" srcset=\"https:\/\/katerina.jedlicka.live\/wp-content\/uploads\/2023\/08\/jedle-1024x768.png 1024w, https:\/\/katerina.jedlicka.live\/wp-content\/uploads\/2023\/08\/jedle-300x225.png 300w, https:\/\/katerina.jedlicka.live\/wp-content\/uploads\/2023\/08\/jedle-768x576.png 768w, https:\/\/katerina.jedlicka.live\/wp-content\/uploads\/2023\/08\/jedle-1536x1152.png 1536w, https:\/\/katerina.jedlicka.live\/wp-content\/uploads\/2023\/08\/jedle-2048x1536.png 2048w\" sizes=\"(max-width: 1024px) 100vw, 1024px\" \/><\/a><\/figure><div class=\"wp-block-media-text__content\">\n<p><a href=\"https:\/\/katerina.jedlicka.live\/index.php\/o-nas\/\" title=\"O N\u00c1S\">O N\u00c1S<\/a><\/p>\n\n\n\n<p><em>Chcete v\u011bd\u011bt kdo je za tohle zodpov\u011bdn\u00fd&#8230;<\/em><\/p>\n<\/div><\/div>\n","protected":false},"excerpt":{"rendered":"<p>TVORBA V\u0160EHO DRUHU Ujist\u011bte se, \u017ee \u0161patn\u00ed um\u011blci je\u0161t\u011b nevym\u0159eli&#8230; O N\u00c1S Chcete v\u011bd\u011bt kdo je za tohle zodpov\u011bdn\u00fd&#8230;<\/p>\n","protected":false},"author":1,"featured_media":0,"parent":0,"menu_order":0,"comment_status":"closed","ping_status":"closed","template":"","meta":{"om_disable_all_campaigns":false,"_monsterinsights_skip_tracking":false,"_monsterinsights_sitenote_active":false,"_monsterinsights_sitenote_note":"","_monsterinsights_sitenote_category":0,"footnotes":""},"aioseo_notices":[],"_links":{"self":[{"href":"https:\/\/katerina.jedlicka.live\/index.php\/wp-json\/wp\/v2\/pages\/9"}],"collection":[{"href":"https:\/\/katerina.jedlicka.live\/index.php\/wp-json\/wp\/v2\/pages"}],"about":[{"href":"https:\/\/katerina.jedlicka.live\/index.php\/wp-json\/wp\/v2\/types\/page"}],"author":[{"embeddable":true,"href":"https:\/\/katerina.jedlicka.live\/index.php\/wp-json\/wp\/v2\/users\/1"}],"replies":[{"embeddable":true,"href":"https:\/\/katerina.jedlicka.live\/index.php\/wp-json\/wp\/v2\/comments?post=9"}],"version-history":[{"count":52,"href":"https:\/\/katerina.jedlicka.live\/index.php\/wp-json\/wp\/v2\/pages\/9\/revisions"}],"predecessor-version":[{"id":2654,"href":"https:\/\/katerina.jedlicka.live\/index.php\/wp-json\/wp\/v2\/pages\/9\/revisions\/2654"}],"wp:attachment":[{"href":"https:\/\/katerina.jedlicka.live\/index.php\/wp-json\/wp\/v2\/media?parent=9"}],"curies":[{"name":"wp","href":"https:\/\/api.w.org\/{rel}","templated":true}]}}