{"id":6,"date":"2021-05-21T09:31:42","date_gmt":"2021-05-21T07:31:42","guid":{"rendered":"http:\/\/katerina.jedlicka.live\/?page_id=6"},"modified":"2021-12-09T20:40:51","modified_gmt":"2021-12-09T19:40:51","slug":"kontakt","status":"publish","type":"page","link":"https:\/\/katerina.jedlicka.live\/index.php\/kontakt\/","title":{"rendered":"Kontakt"},"content":{"rendered":"\n<p>M\u00e1te n\u011bjak\u00e9 n\u00e1pady, vlastn\u00ed n\u00e1zor, \u010di chu\u0165 napsat v\u00fdhru\u017en\u00fd email?<\/p>\n\n\n\n<div class=\"wp-block-media-text alignwide is-stacked-on-mobile\" style=\"grid-template-columns:29% auto\"><figure class=\"wp-block-media-text__media\"><img decoding=\"async\" loading=\"lazy\" width=\"826\" height=\"801\" src=\"https:\/\/katerina.jedlicka.live\/wp-content\/uploads\/2021\/12\/mail.jpg\" alt=\"\" class=\"wp-image-192 size-full\" srcset=\"https:\/\/katerina.jedlicka.live\/wp-content\/uploads\/2021\/12\/mail.jpg 826w, https:\/\/katerina.jedlicka.live\/wp-content\/uploads\/2021\/12\/mail-300x291.jpg 300w, https:\/\/katerina.jedlicka.live\/wp-content\/uploads\/2021\/12\/mail-768x745.jpg 768w\" sizes=\"(max-width: 826px) 100vw, 826px\" \/><\/figure><div class=\"wp-block-media-text__content\">\n<p>katerina.jedlickova@hotmail.com<\/p>\n\n\n\n<p><a href=\"https:\/\/www.instagram.com\/sbc.cz\/\">Instagram<\/a><\/p>\n\n\n\n<p><a href=\"https:\/\/www.youtube.com\/channel\/UCTb9jQ9WAq5bCuaVSzWQu8w\">Youtube<\/a><\/p>\n\n\n\n<p>Telefon V\u00e1m ned\u00e1m<\/p>\n<\/div><\/div>\n","protected":false},"excerpt":{"rendered":"<p>M\u00e1te n\u011bjak\u00e9 n\u00e1pady, vlastn\u00ed n\u00e1zor, \u010di chu\u0165 napsat v\u00fdhru\u017en\u00fd email? katerina.jedlickova@hotmail.com Instagram Youtube Telefon V\u00e1m ned\u00e1m<\/p>\n","protected":false},"author":1,"featured_media":0,"parent":0,"menu_order":0,"comment_status":"closed","ping_status":"closed","template":"","meta":{"om_disable_all_campaigns":false,"_monsterinsights_skip_tracking":false,"_monsterinsights_sitenote_active":false,"_monsterinsights_sitenote_note":"","_monsterinsights_sitenote_category":0,"footnotes":""},"aioseo_notices":[],"_links":{"self":[{"href":"https:\/\/katerina.jedlicka.live\/index.php\/wp-json\/wp\/v2\/pages\/6"}],"collection":[{"href":"https:\/\/katerina.jedlicka.live\/index.php\/wp-json\/wp\/v2\/pages"}],"about":[{"href":"https:\/\/katerina.jedlicka.live\/index.php\/wp-json\/wp\/v2\/types\/page"}],"author":[{"embeddable":true,"href":"https:\/\/katerina.jedlicka.live\/index.php\/wp-json\/wp\/v2\/users\/1"}],"replies":[{"embeddable":true,"href":"https:\/\/katerina.jedlicka.live\/index.php\/wp-json\/wp\/v2\/comments?post=6"}],"version-history":[{"count":2,"href":"https:\/\/katerina.jedlicka.live\/index.php\/wp-json\/wp\/v2\/pages\/6\/revisions"}],"predecessor-version":[{"id":193,"href":"https:\/\/katerina.jedlicka.live\/index.php\/wp-json\/wp\/v2\/pages\/6\/revisions\/193"}],"wp:attachment":[{"href":"https:\/\/katerina.jedlicka.live\/index.php\/wp-json\/wp\/v2\/media?parent=6"}],"curies":[{"name":"wp","href":"https:\/\/api.w.org\/{rel}","templated":true}]}}