{"id":5,"date":"2021-05-21T09:31:42","date_gmt":"2021-05-21T07:31:42","guid":{"rendered":"http:\/\/katerina.jedlicka.live\/?page_id=5"},"modified":"2023-08-28T21:46:40","modified_gmt":"2023-08-28T19:46:40","slug":"o-nas","status":"publish","type":"page","link":"https:\/\/katerina.jedlicka.live\/index.php\/o-nas\/","title":{"rendered":"O n\u00e1s"},"content":{"rendered":"\n<p>Zdrav\u00edm,<\/p>\n\n\n\n<p>Animace, kreslen\u00ed komiks\u016f, nezdrav\u00e1 d\u00e1vka sarkasmu a nepravideln\u00e9 vyd\u00e1v\u00e1n\u00ed pr\u00e1ce. Pokud m\u00e1te a\u017e p\u0159\u00edli\u0161 mnoho voln\u00e9ho \u010dasu, kter\u00fd chcete promrhat, je pro V\u00e1s tato str\u00e1nka jako d\u011blan\u00e1!<\/p>\n\n\n\n<p>Tvorby tu nenajdete mnoho a v\u011bt\u0161ina z n\u00ed byla tvo\u0159ena za soukrom\u00fdmi \u00fa\u010dely, i tak v\u0161ak douf\u00e1me, \u017ee se V\u00e1m zde bude l\u00edbit.<\/p>\n\n\n\n<p><\/p>\n","protected":false},"excerpt":{"rendered":"<p>Zdrav\u00edm, Animace, kreslen\u00ed komiks\u016f, nezdrav\u00e1 d\u00e1vka sarkasmu a nepravideln\u00e9 vyd\u00e1v\u00e1n\u00ed pr\u00e1ce. Pokud m\u00e1te a\u017e p\u0159\u00edli\u0161 mnoho voln\u00e9ho \u010dasu, kter\u00fd chcete promrhat, je pro V\u00e1s tato str\u00e1nka jako d\u011blan\u00e1! Tvorby tu nenajdete mnoho a v\u011bt\u0161ina z n\u00ed byla tvo\u0159ena za soukrom\u00fdmi \u00fa\u010dely, i tak v\u0161ak douf\u00e1me, \u017ee se V\u00e1m zde bude l\u00edbit.<\/p>\n","protected":false},"author":1,"featured_media":0,"parent":0,"menu_order":0,"comment_status":"closed","ping_status":"closed","template":"","meta":{"om_disable_all_campaigns":false,"_monsterinsights_skip_tracking":false,"_monsterinsights_sitenote_active":false,"_monsterinsights_sitenote_note":"","_monsterinsights_sitenote_category":0,"footnotes":""},"aioseo_notices":[],"_links":{"self":[{"href":"https:\/\/katerina.jedlicka.live\/index.php\/wp-json\/wp\/v2\/pages\/5"}],"collection":[{"href":"https:\/\/katerina.jedlicka.live\/index.php\/wp-json\/wp\/v2\/pages"}],"about":[{"href":"https:\/\/katerina.jedlicka.live\/index.php\/wp-json\/wp\/v2\/types\/page"}],"author":[{"embeddable":true,"href":"https:\/\/katerina.jedlicka.live\/index.php\/wp-json\/wp\/v2\/users\/1"}],"replies":[{"embeddable":true,"href":"https:\/\/katerina.jedlicka.live\/index.php\/wp-json\/wp\/v2\/comments?post=5"}],"version-history":[{"count":3,"href":"https:\/\/katerina.jedlicka.live\/index.php\/wp-json\/wp\/v2\/pages\/5\/revisions"}],"predecessor-version":[{"id":2656,"href":"https:\/\/katerina.jedlicka.live\/index.php\/wp-json\/wp\/v2\/pages\/5\/revisions\/2656"}],"wp:attachment":[{"href":"https:\/\/katerina.jedlicka.live\/index.php\/wp-json\/wp\/v2\/media?parent=5"}],"curies":[{"name":"wp","href":"https:\/\/api.w.org\/{rel}","templated":true}]}}