{"id":203,"date":"2021-12-09T21:29:42","date_gmt":"2021-12-09T20:29:42","guid":{"rendered":"http:\/\/katerina.jedlicka.live\/?page_id=203"},"modified":"2021-12-09T21:32:51","modified_gmt":"2021-12-09T20:32:51","slug":"stara-tvorba","status":"publish","type":"page","link":"https:\/\/katerina.jedlicka.live\/index.php\/menu\/komiksy\/stara-tvorba\/","title":{"rendered":"Star\u00e1 tvorba"},"content":{"rendered":"<div class=\"su-tabs su-tabs-style-default su-tabs-mobile-stack\" data-active=\"1\" data-scroll-offset=\"0\" data-anchor-in-url=\"no\"><div class=\"su-tabs-nav\"><span class=\"\" data-url=\"\" data-target=\"blank\" tabindex=\"0\" role=\"button\">\u00davodn\u00ed str\u00e1nka<\/span><span class=\"\" data-url=\"\" data-target=\"blank\" tabindex=\"0\" role=\"button\">zn\u00e1mka<\/span><span class=\"\" data-url=\"\" data-target=\"blank\" tabindex=\"0\" role=\"button\">d\u011bti?...rad\u0161i ne<\/span><span class=\"\" data-url=\"\" data-target=\"blank\" tabindex=\"0\" role=\"button\">Ironie<\/span><span class=\"\" data-url=\"\" data-target=\"blank\" tabindex=\"0\" role=\"button\">d\u011bti<\/span><\/div><div class=\"su-tabs-panes\"><div class=\"su-tabs-pane su-u-clearfix su-u-trim\" data-title=\"\u00davodn\u00ed str\u00e1nka\"><img decoding=\"async\" loading=\"lazy\" class=\"alignnone wp-image-145 size-full\" src=\"http:\/\/spolecnost-bananek.4fan.cz\/wp-content\/uploads\/2018\/10\/Mini00.jpg\" alt=\"\" width=\"1600\" height=\"800\" \/><\/div>\n<div class=\"su-tabs-pane su-u-clearfix su-u-trim\" data-title=\"zn\u00e1mka\"><img decoding=\"async\" loading=\"lazy\" class=\"alignnone wp-image-133 size-full\" src=\"http:\/\/spolecnost-bananek.4fan.cz\/wp-content\/uploads\/2018\/10\/rodic1.jpg\" alt=\"\" width=\"1600\" height=\"573\" \/><\/div>\n<div class=\"su-tabs-pane su-u-clearfix su-u-trim\" data-title=\"d\u011bti?...rad\u0161i ne\"><img decoding=\"async\" loading=\"lazy\" class=\"alignnone wp-image-134 size-full\" src=\"http:\/\/spolecnost-bananek.4fan.cz\/wp-content\/uploads\/2018\/10\/rodic2.jpg\" alt=\"\" width=\"1600\" height=\"614\" \/><\/div>\n<div class=\"su-tabs-pane su-u-clearfix su-u-trim\" data-title=\"Ironie\"><img decoding=\"async\" loading=\"lazy\" class=\"alignnone wp-image-135 size-full\" src=\"http:\/\/spolecnost-bananek.4fan.cz\/wp-content\/uploads\/2018\/10\/rodic3.jpg\" alt=\"\" width=\"1600\" height=\"576\" \/><\/div>\n<div class=\"su-tabs-pane su-u-clearfix su-u-trim\" data-title=\"d\u011bti\"><img decoding=\"async\" loading=\"lazy\" class=\"alignnone wp-image-137 size-full\" src=\"http:\/\/spolecnost-bananek.4fan.cz\/wp-content\/uploads\/2018\/10\/rodic4.jpg\" alt=\"\" width=\"1600\" height=\"635\" \/><\/div><\/div><\/div>\n\n\n\n<p><\/p>\n\n\n<div class=\"su-tabs su-tabs-style-default su-tabs-mobile-stack\" data-active=\"1\" data-scroll-offset=\"0\" data-anchor-in-url=\"no\"><div class=\"su-tabs-nav\"><span class=\"\" data-url=\"\" data-target=\"blank\" tabindex=\"0\" role=\"button\">\u00davodn\u00ed str\u00e1nka<\/span><span class=\"\" data-url=\"\" data-target=\"blank\" tabindex=\"0\" role=\"button\">seri\u00e1l<\/span><span class=\"\" data-url=\"\" data-target=\"blank\" tabindex=\"0\" role=\"button\">Co si dneska d\u00e1m?<\/span><span class=\"\" data-url=\"\" data-target=\"blank\" tabindex=\"0\" role=\"button\">Vlasy<\/span><\/div><div class=\"su-tabs-panes\"><div class=\"su-tabs-pane su-u-clearfix su-u-trim\" data-title=\"\u00davodn\u00ed str\u00e1nka\">\n<p><img decoding=\"async\" loading=\"lazy\" class=\"alignnone wp-image-151 size-full\" src=\"http:\/\/spolecnost-bananek.4fan.cz\/wp-content\/uploads\/2018\/10\/Mini00-1.jpg\" alt=\"\" width=\"1600\" height=\"769\" \/><\/p>\n<\/div>\n<div class=\"su-tabs-pane su-u-clearfix su-u-trim\" data-title=\"seri\u00e1l\"><img decoding=\"async\" loading=\"lazy\" class=\"alignnone wp-image-127 size-full\" src=\"http:\/\/spolecnost-bananek.4fan.cz\/wp-content\/uploads\/2018\/10\/Mini1.jpg\" alt=\"\" width=\"1600\" height=\"1174\" \/><\/div>\n<div class=\"su-tabs-pane su-u-clearfix su-u-trim\" data-title=\"Co si dneska d\u00e1m?\"><img decoding=\"async\" loading=\"lazy\" class=\"alignnone wp-image-209 size-full\" src=\"http:\/\/spolecnost-bananek.4fan.cz\/wp-content\/uploads\/2018\/11\/Mini2.jpg\" alt=\"\" width=\"1600\" height=\"1260\" \/><\/div>\n<div class=\"su-tabs-pane su-u-clearfix su-u-trim\" data-title=\"Vlasy\"><img decoding=\"async\" loading=\"lazy\" class=\"alignnone wp-image-299 \" src=\"http:\/\/spolecnost-bananek.4fan.cz\/wp-content\/uploads\/2019\/09\/Mini3-798x1024.jpg\" alt=\"\" width=\"576\" height=\"739\" \/><\/div><\/div><\/div>\n\n\n\n<p><\/p>\n","protected":false},"excerpt":{"rendered":"","protected":false},"author":1,"featured_media":0,"parent":106,"menu_order":0,"comment_status":"closed","ping_status":"closed","template":"","meta":{"om_disable_all_campaigns":false,"_monsterinsights_skip_tracking":false,"_monsterinsights_sitenote_active":false,"_monsterinsights_sitenote_note":"","_monsterinsights_sitenote_category":0,"footnotes":""},"aioseo_notices":[],"_links":{"self":[{"href":"https:\/\/katerina.jedlicka.live\/index.php\/wp-json\/wp\/v2\/pages\/203"}],"collection":[{"href":"https:\/\/katerina.jedlicka.live\/index.php\/wp-json\/wp\/v2\/pages"}],"about":[{"href":"https:\/\/katerina.jedlicka.live\/index.php\/wp-json\/wp\/v2\/types\/page"}],"author":[{"embeddable":true,"href":"https:\/\/katerina.jedlicka.live\/index.php\/wp-json\/wp\/v2\/users\/1"}],"replies":[{"embeddable":true,"href":"https:\/\/katerina.jedlicka.live\/index.php\/wp-json\/wp\/v2\/comments?post=203"}],"version-history":[{"count":1,"href":"https:\/\/katerina.jedlicka.live\/index.php\/wp-json\/wp\/v2\/pages\/203\/revisions"}],"predecessor-version":[{"id":204,"href":"https:\/\/katerina.jedlicka.live\/index.php\/wp-json\/wp\/v2\/pages\/203\/revisions\/204"}],"up":[{"embeddable":true,"href":"https:\/\/katerina.jedlicka.live\/index.php\/wp-json\/wp\/v2\/pages\/106"}],"wp:attachment":[{"href":"https:\/\/katerina.jedlicka.live\/index.php\/wp-json\/wp\/v2\/media?parent=203"}],"curies":[{"name":"wp","href":"https:\/\/api.w.org\/{rel}","templated":true}]}}