{"id":110,"date":"2021-12-07T21:31:06","date_gmt":"2021-12-07T20:31:06","guid":{"rendered":"http:\/\/katerina.jedlicka.live\/?page_id=110"},"modified":"2021-12-09T20:16:52","modified_gmt":"2021-12-09T19:16:52","slug":"komiksy-8c","status":"publish","type":"page","link":"https:\/\/katerina.jedlicka.live\/index.php\/menu\/komiksy\/skolni-komiksy\/komiksy-8c\/","title":{"rendered":"Komiksy 8.C"},"content":{"rendered":"\n<p><\/p>\n\n\n\n<div class=\"su-spoiler su-spoiler-style-default su-spoiler-icon-plus su-spoiler-closed\" data-scroll-offset=\"0\" data-anchor-in-url=\"no\"><div class=\"su-spoiler-title\" tabindex=\"0\" role=\"button\"><span class=\"su-spoiler-icon\"><\/span>1. d\u00edl<\/div><div class=\"su-spoiler-content su-u-clearfix su-u-trim\">\n\n\n<div class=\"su-tabs su-tabs-style-default su-tabs-mobile-stack\" data-active=\"1\" data-scroll-offset=\"0\" data-anchor-in-url=\"no\"><div class=\"su-tabs-nav\"><span class=\"\" data-url=\"\" data-target=\"blank\" tabindex=\"0\" role=\"button\">\u00davodn\u00ed str\u00e1nka<\/span><span class=\"\" data-url=\"\" data-target=\"blank\" tabindex=\"0\" role=\"button\">1<\/span><span class=\"\" data-url=\"\" data-target=\"blank\" tabindex=\"0\" role=\"button\">2<\/span><span class=\"\" data-url=\"\" data-target=\"blank\" tabindex=\"0\" role=\"button\">3<\/span><span class=\"\" data-url=\"\" data-target=\"blank\" tabindex=\"0\" role=\"button\">4<\/span><span class=\"\" data-url=\"\" data-target=\"blank\" tabindex=\"0\" role=\"button\">5<\/span><span class=\"\" data-url=\"\" data-target=\"blank\" tabindex=\"0\" role=\"button\">6<\/span><span class=\"\" data-url=\"\" data-target=\"blank\" tabindex=\"0\" role=\"button\">7<\/span><span class=\"\" data-url=\"\" data-target=\"blank\" tabindex=\"0\" role=\"button\">8<\/span><span class=\"\" data-url=\"\" data-target=\"blank\" tabindex=\"0\" role=\"button\">9<\/span><span class=\"\" data-url=\"\" data-target=\"blank\" tabindex=\"0\" role=\"button\">10<\/span><span class=\"\" data-url=\"\" data-target=\"blank\" tabindex=\"0\" role=\"button\">11<\/span><\/div><div class=\"su-tabs-panes\"><div class=\"su-tabs-pane su-u-clearfix su-u-trim\" data-title=\"\u00davodn\u00ed str\u00e1nka\">\n<p><img decoding=\"async\" loading=\"lazy\" class=\"alignnone wp-image-217 size-full\" src=\"http:\/\/spolecnost-bananek.4fan.cz\/wp-content\/uploads\/2018\/12\/8.C1000.jpg\" alt=\"\" width=\"1600\" height=\"2282\" \/><\/p>\n<\/div>\n<div class=\"su-tabs-pane su-u-clearfix su-u-trim\" data-title=\"1\"><img decoding=\"async\" loading=\"lazy\" class=\"alignnone wp-image-218 size-full\" src=\"http:\/\/spolecnost-bananek.4fan.cz\/wp-content\/uploads\/2018\/12\/8.C1001.jpg\" alt=\"\" width=\"1600\" height=\"2282\" \/><\/div>\n<div class=\"su-tabs-pane su-u-clearfix su-u-trim\" data-title=\"2\"><img decoding=\"async\" loading=\"lazy\" class=\"alignnone wp-image-220 size-full\" src=\"http:\/\/spolecnost-bananek.4fan.cz\/wp-content\/uploads\/2018\/12\/8.C1002.jpg\" alt=\"\" width=\"1600\" height=\"2282\" \/><\/div>\n<div class=\"su-tabs-pane su-u-clearfix su-u-trim\" data-title=\"3\"><img decoding=\"async\" loading=\"lazy\" class=\"alignnone wp-image-222 size-full\" src=\"http:\/\/spolecnost-bananek.4fan.cz\/wp-content\/uploads\/2018\/12\/8.C1003.jpg\" alt=\"\" width=\"1600\" height=\"2282\" \/><\/div>\n<div class=\"su-tabs-pane su-u-clearfix su-u-trim\" data-title=\"4\"><img decoding=\"async\" loading=\"lazy\" class=\"alignnone wp-image-223 size-full\" src=\"http:\/\/spolecnost-bananek.4fan.cz\/wp-content\/uploads\/2018\/12\/8.C1004.jpg\" alt=\"\" width=\"1600\" height=\"2282\" \/><\/div>\n<div class=\"su-tabs-pane su-u-clearfix su-u-trim\" data-title=\"5\"><img decoding=\"async\" loading=\"lazy\" class=\"alignnone wp-image-224 size-full\" src=\"http:\/\/spolecnost-bananek.4fan.cz\/wp-content\/uploads\/2018\/12\/8.C1005.jpg\" alt=\"\" width=\"1600\" height=\"2282\" \/><\/div>\n<div class=\"su-tabs-pane su-u-clearfix su-u-trim\" data-title=\"6\"><img decoding=\"async\" loading=\"lazy\" class=\"alignnone wp-image-225 size-full\" src=\"http:\/\/spolecnost-bananek.4fan.cz\/wp-content\/uploads\/2018\/12\/8.C1006.jpg\" alt=\"\" width=\"1600\" height=\"2282\" \/><\/div>\n<div class=\"su-tabs-pane su-u-clearfix su-u-trim\" data-title=\"7\"><img decoding=\"async\" loading=\"lazy\" class=\"alignnone wp-image-226 size-full\" src=\"http:\/\/spolecnost-bananek.4fan.cz\/wp-content\/uploads\/2018\/12\/8.C1007.jpg\" alt=\"\" width=\"1600\" height=\"2282\" \/><\/div>\n<div class=\"su-tabs-pane su-u-clearfix su-u-trim\" data-title=\"8\"><img decoding=\"async\" loading=\"lazy\" class=\"alignnone wp-image-227 size-full\" src=\"http:\/\/spolecnost-bananek.4fan.cz\/wp-content\/uploads\/2018\/12\/8.C1008.jpg\" alt=\"\" width=\"1600\" height=\"2282\" \/><\/div>\n<div class=\"su-tabs-pane su-u-clearfix su-u-trim\" data-title=\"9\"><img decoding=\"async\" loading=\"lazy\" class=\"alignnone wp-image-228 size-full\" src=\"http:\/\/spolecnost-bananek.4fan.cz\/wp-content\/uploads\/2018\/12\/8.C1009.jpg\" alt=\"\" width=\"1600\" height=\"2282\" \/><\/div>\n<div class=\"su-tabs-pane su-u-clearfix su-u-trim\" data-title=\"10\"><img decoding=\"async\" loading=\"lazy\" class=\"alignnone wp-image-229 size-full\" src=\"http:\/\/spolecnost-bananek.4fan.cz\/wp-content\/uploads\/2018\/12\/8.C1010.jpg\" alt=\"\" width=\"1600\" height=\"2282\" \/><\/div>\n<div class=\"su-tabs-pane su-u-clearfix su-u-trim\" data-title=\"11\"><img decoding=\"async\" loading=\"lazy\" class=\"alignnone wp-image-230 size-full\" src=\"http:\/\/spolecnost-bananek.4fan.cz\/wp-content\/uploads\/2018\/12\/8.C1011.jpg\" alt=\"\" width=\"1600\" height=\"2282\" \/><\/div><\/div><\/div>\n\n\n\n<\/div><\/div>\n","protected":false},"excerpt":{"rendered":"","protected":false},"author":1,"featured_media":0,"parent":111,"menu_order":0,"comment_status":"closed","ping_status":"closed","template":"","meta":{"om_disable_all_campaigns":false,"_monsterinsights_skip_tracking":false,"_monsterinsights_sitenote_active":false,"_monsterinsights_sitenote_note":"","_monsterinsights_sitenote_category":0,"footnotes":""},"aioseo_notices":[],"_links":{"self":[{"href":"https:\/\/katerina.jedlicka.live\/index.php\/wp-json\/wp\/v2\/pages\/110"}],"collection":[{"href":"https:\/\/katerina.jedlicka.live\/index.php\/wp-json\/wp\/v2\/pages"}],"about":[{"href":"https:\/\/katerina.jedlicka.live\/index.php\/wp-json\/wp\/v2\/types\/page"}],"author":[{"embeddable":true,"href":"https:\/\/katerina.jedlicka.live\/index.php\/wp-json\/wp\/v2\/users\/1"}],"replies":[{"embeddable":true,"href":"https:\/\/katerina.jedlicka.live\/index.php\/wp-json\/wp\/v2\/comments?post=110"}],"version-history":[{"count":3,"href":"https:\/\/katerina.jedlicka.live\/index.php\/wp-json\/wp\/v2\/pages\/110\/revisions"}],"predecessor-version":[{"id":186,"href":"https:\/\/katerina.jedlicka.live\/index.php\/wp-json\/wp\/v2\/pages\/110\/revisions\/186"}],"up":[{"embeddable":true,"href":"https:\/\/katerina.jedlicka.live\/index.php\/wp-json\/wp\/v2\/pages\/111"}],"wp:attachment":[{"href":"https:\/\/katerina.jedlicka.live\/index.php\/wp-json\/wp\/v2\/media?parent=110"}],"curies":[{"name":"wp","href":"https:\/\/api.w.org\/{rel}","templated":true}]}}