{"id":108,"date":"2021-12-07T20:42:51","date_gmt":"2021-12-07T19:42:51","guid":{"rendered":"http:\/\/katerina.jedlicka.live\/?page_id=108"},"modified":"2021-12-09T20:16:55","modified_gmt":"2021-12-09T19:16:55","slug":"komiksy-7-c","status":"publish","type":"page","link":"https:\/\/katerina.jedlicka.live\/index.php\/menu\/komiksy\/skolni-komiksy\/komiksy-7-c\/","title":{"rendered":"Komiksy 7.C"},"content":{"rendered":"\n<div class=\"su-spoiler su-spoiler-style-default su-spoiler-icon-plus su-spoiler-closed\" data-scroll-offset=\"0\" data-anchor-in-url=\"no\"><div class=\"su-spoiler-title\" tabindex=\"0\" role=\"button\"><span class=\"su-spoiler-icon\"><\/span>1. d\u00edl<\/div><div class=\"su-spoiler-content su-u-clearfix su-u-trim\"><div class=\"su-tabs su-tabs-style-default su-tabs-mobile-stack\" data-active=\"1\" data-scroll-offset=\"0\" data-anchor-in-url=\"no\"><div class=\"su-tabs-nav\"><span class=\"\" data-url=\"\" data-target=\"blank\" tabindex=\"0\" role=\"button\">\u00davodn\u00ed str\u00e1nka<\/span><span class=\"\" data-url=\"\" data-target=\"blank\" tabindex=\"0\" role=\"button\">1<\/span><span class=\"\" data-url=\"\" data-target=\"blank\" tabindex=\"0\" role=\"button\">2<\/span><span class=\"\" data-url=\"\" data-target=\"blank\" tabindex=\"0\" role=\"button\">3<\/span><span class=\"\" data-url=\"\" data-target=\"blank\" tabindex=\"0\" role=\"button\">4<\/span><span class=\"\" data-url=\"\" data-target=\"blank\" tabindex=\"0\" role=\"button\">5<\/span><span class=\"\" data-url=\"\" data-target=\"blank\" tabindex=\"0\" role=\"button\">6<\/span><span class=\"\" data-url=\"\" data-target=\"blank\" tabindex=\"0\" role=\"button\">7<\/span><span class=\"\" data-url=\"\" data-target=\"blank\" tabindex=\"0\" role=\"button\">8<\/span><span class=\"\" data-url=\"\" data-target=\"blank\" tabindex=\"0\" role=\"button\">9<\/span><span class=\"\" data-url=\"\" data-target=\"blank\" tabindex=\"0\" role=\"button\">10<\/span><span class=\"\" data-url=\"\" data-target=\"blank\" tabindex=\"0\" role=\"button\">11<\/span><span class=\"\" data-url=\"\" data-target=\"blank\" tabindex=\"0\" role=\"button\">12<\/span><span class=\"\" data-url=\"\" data-target=\"blank\" tabindex=\"0\" role=\"button\">13<\/span><\/div><div class=\"su-tabs-panes\"><div class=\"su-tabs-pane su-u-clearfix su-u-trim\" data-title=\"\u00davodn\u00ed str\u00e1nka\"><img decoding=\"async\" loading=\"lazy\" class=\"alignnone wp-image-21 size-full\" src=\"http:\/\/spolecnost-bananek.4fan.cz\/wp-content\/uploads\/2018\/10\/7C001.jpg\" alt=\"\" width=\"1600\" height=\"2282\" \/><\/div>\n<div class=\"su-tabs-pane su-u-clearfix su-u-trim\" data-title=\"1\"><img decoding=\"async\" loading=\"lazy\" class=\"alignnone wp-image-33\" src=\"http:\/\/spolecnost-bananek.4fan.cz\/wp-content\/uploads\/2018\/10\/7.C002-210x300.jpg\" alt=\"\" width=\"1600\" height=\"2282\" \/><\/div>\n<div class=\"su-tabs-pane su-u-clearfix su-u-trim\" data-title=\"2\"><img decoding=\"async\" loading=\"lazy\" class=\"alignnone wp-image-34 size-full\" src=\"http:\/\/spolecnost-bananek.4fan.cz\/wp-content\/uploads\/2018\/10\/7.C003.jpg\" alt=\"\" width=\"1600\" height=\"2282\" \/><\/div>\n<div class=\"su-tabs-pane su-u-clearfix su-u-trim\" data-title=\"3\"><img decoding=\"async\" loading=\"lazy\" class=\"alignnone wp-image-39 size-full\" src=\"http:\/\/spolecnost-bananek.4fan.cz\/wp-content\/uploads\/2018\/10\/7.C004.jpg\" alt=\"\" width=\"1600\" height=\"2282\" \/><\/div>\n<div class=\"su-tabs-pane su-u-clearfix su-u-trim\" data-title=\"4\"><img decoding=\"async\" loading=\"lazy\" class=\"alignnone wp-image-43 size-full\" src=\"http:\/\/spolecnost-bananek.4fan.cz\/wp-content\/uploads\/2018\/10\/7.C005.jpg\" alt=\"\" width=\"1600\" height=\"2282\" \/><\/div>\n<div class=\"su-tabs-pane su-u-clearfix su-u-trim\" data-title=\"5\"><img decoding=\"async\" loading=\"lazy\" class=\"alignnone wp-image-46 size-full\" src=\"http:\/\/spolecnost-bananek.4fan.cz\/wp-content\/uploads\/2018\/10\/7.C006.jpg\" alt=\"\" width=\"1600\" height=\"2282\" \/><\/div>\n<div class=\"su-tabs-pane su-u-clearfix su-u-trim\" data-title=\"6\"><img decoding=\"async\" loading=\"lazy\" class=\"alignnone wp-image-48 size-full\" src=\"http:\/\/spolecnost-bananek.4fan.cz\/wp-content\/uploads\/2018\/10\/7.C007.jpg\" alt=\"\" width=\"1600\" height=\"2282\" \/><\/div>\n<div class=\"su-tabs-pane su-u-clearfix su-u-trim\" data-title=\"7\"><img decoding=\"async\" loading=\"lazy\" class=\"alignnone wp-image-49 size-full\" src=\"http:\/\/spolecnost-bananek.4fan.cz\/wp-content\/uploads\/2018\/10\/7.C008.jpg\" alt=\"\" width=\"1600\" height=\"2282\" \/><\/div>\n<div class=\"su-tabs-pane su-u-clearfix su-u-trim\" data-title=\"8\"><img decoding=\"async\" loading=\"lazy\" class=\"alignnone wp-image-50 size-full\" src=\"http:\/\/spolecnost-bananek.4fan.cz\/wp-content\/uploads\/2018\/10\/7.C009.jpg\" alt=\"\" width=\"1600\" height=\"2282\" \/><\/div>\n<div class=\"su-tabs-pane su-u-clearfix su-u-trim\" data-title=\"9\"><img decoding=\"async\" loading=\"lazy\" class=\"alignnone wp-image-52 size-full\" src=\"http:\/\/spolecnost-bananek.4fan.cz\/wp-content\/uploads\/2018\/10\/7.C010.jpg\" alt=\"\" width=\"1600\" height=\"2282\" \/><\/div>\n<div class=\"su-tabs-pane su-u-clearfix su-u-trim\" data-title=\"10\"><img decoding=\"async\" loading=\"lazy\" class=\"alignnone wp-image-54 size-full\" src=\"http:\/\/spolecnost-bananek.4fan.cz\/wp-content\/uploads\/2018\/10\/7.C011.jpg\" alt=\"\" width=\"1600\" height=\"2282\" \/><\/div>\n<div class=\"su-tabs-pane su-u-clearfix su-u-trim\" data-title=\"11\">\n\n\n\n<figure class=\"wp-block-image alignnone wp-image-56 size-full\"><img decoding=\"async\" src=\"http:\/\/spolecnost-bananek.4fan.cz\/wp-content\/uploads\/2018\/10\/7.C012.jpg\" alt=\"\" class=\"wp-image-56\"\/><figcaption>LEAD Technologies Inc. V1.01<\/figcaption><\/figure>\n\n\n\n<\/div>\n<div class=\"su-tabs-pane su-u-clearfix su-u-trim\" data-title=\"12\"><img decoding=\"async\" loading=\"lazy\" class=\"alignnone wp-image-58 size-full\" src=\"http:\/\/spolecnost-bananek.4fan.cz\/wp-content\/uploads\/2018\/10\/7.C013.jpg\" alt=\"\" width=\"1600\" height=\"2282\" \/><\/div>\n<div class=\"su-tabs-pane su-u-clearfix su-u-trim\" data-title=\"13\"><img decoding=\"async\" loading=\"lazy\" class=\"alignnone wp-image-59 size-full\" src=\"http:\/\/spolecnost-bananek.4fan.cz\/wp-content\/uploads\/2018\/10\/7.C014.jpg\" alt=\"\" width=\"1600\" height=\"2282\" \/><\/div><\/div><\/div><\/div><\/div>\n\n\n\n<div class=\"su-spoiler su-spoiler-style-default su-spoiler-icon-plus su-spoiler-closed\" data-scroll-offset=\"0\" data-anchor-in-url=\"no\"><div class=\"su-spoiler-title\" tabindex=\"0\" role=\"button\"><span class=\"su-spoiler-icon\"><\/span>2. d\u00edl<\/div><div class=\"su-spoiler-content su-u-clearfix su-u-trim\">\n\n\n<div class=\"su-tabs su-tabs-style-default su-tabs-mobile-stack\" data-active=\"1\" data-scroll-offset=\"0\" data-anchor-in-url=\"no\"><div class=\"su-tabs-nav\"><span class=\"\" data-url=\"\" data-target=\"blank\" tabindex=\"0\" role=\"button\">\u00davodn\u00ed str\u00e1nka<\/span><span class=\"\" data-url=\"\" data-target=\"blank\" tabindex=\"0\" role=\"button\">1<\/span><span class=\"\" data-url=\"\" data-target=\"blank\" tabindex=\"0\" role=\"button\">2<\/span><span class=\"\" data-url=\"\" data-target=\"blank\" tabindex=\"0\" role=\"button\">3<\/span><span class=\"\" data-url=\"\" data-target=\"blank\" tabindex=\"0\" role=\"button\">4<\/span><span class=\"\" data-url=\"\" data-target=\"blank\" tabindex=\"0\" role=\"button\">5<\/span><span class=\"\" data-url=\"\" data-target=\"blank\" tabindex=\"0\" role=\"button\">6<\/span><span class=\"\" data-url=\"\" data-target=\"blank\" tabindex=\"0\" role=\"button\">7<\/span><span class=\"\" data-url=\"\" data-target=\"blank\" tabindex=\"0\" role=\"button\">8<\/span><span class=\"\" data-url=\"\" data-target=\"blank\" tabindex=\"0\" role=\"button\">9<\/span><span class=\"\" data-url=\"\" data-target=\"blank\" tabindex=\"0\" role=\"button\">10<\/span><span class=\"\" data-url=\"\" data-target=\"blank\" tabindex=\"0\" role=\"button\">11<\/span><\/div><div class=\"su-tabs-panes\"><div class=\"su-tabs-pane su-u-clearfix su-u-trim\" data-title=\"\u00davodn\u00ed str\u00e1nka\"><img decoding=\"async\" loading=\"lazy\" class=\"alignnone wp-image-64\" src=\"http:\/\/spolecnost-bananek.4fan.cz\/wp-content\/uploads\/2018\/10\/SB27102018_0101-210x300.jpg\" alt=\"\" width=\"1600\" height=\"2282\" \/><\/div>\n<div class=\"su-tabs-pane su-u-clearfix su-u-trim\" data-title=\"1\"><img decoding=\"async\" loading=\"lazy\" class=\"alignnone wp-image-68 size-full\" src=\"http:\/\/spolecnost-bananek.4fan.cz\/wp-content\/uploads\/2018\/10\/7.C102.jpg\" alt=\"\" width=\"1600\" height=\"2282\" \/><\/div>\n<div class=\"su-tabs-pane su-u-clearfix su-u-trim\" data-title=\"2\"><img decoding=\"async\" loading=\"lazy\" class=\"alignnone wp-image-69 size-full\" src=\"http:\/\/spolecnost-bananek.4fan.cz\/wp-content\/uploads\/2018\/10\/7.C103.jpg\" alt=\"\" width=\"1600\" height=\"2282\" \/><\/div>\n<div class=\"su-tabs-pane su-u-clearfix su-u-trim\" data-title=\"3\"><img decoding=\"async\" loading=\"lazy\" class=\"alignnone wp-image-72 size-full\" src=\"http:\/\/spolecnost-bananek.4fan.cz\/wp-content\/uploads\/2018\/10\/7.C104.jpg\" alt=\"\" width=\"1600\" height=\"2282\" \/><\/div>\n<div class=\"su-tabs-pane su-u-clearfix su-u-trim\" data-title=\"4\"><img decoding=\"async\" loading=\"lazy\" class=\"alignnone wp-image-75 size-full\" src=\"http:\/\/spolecnost-bananek.4fan.cz\/wp-content\/uploads\/2018\/10\/7.C105.jpg\" alt=\"\" width=\"1600\" height=\"2282\" \/><\/div>\n<div class=\"su-tabs-pane su-u-clearfix su-u-trim\" data-title=\"5\"><img decoding=\"async\" loading=\"lazy\" class=\"alignnone wp-image-77 size-full\" src=\"http:\/\/spolecnost-bananek.4fan.cz\/wp-content\/uploads\/2018\/10\/7.C106.jpg\" alt=\"\" width=\"1600\" height=\"2282\" \/><\/div>\n<div class=\"su-tabs-pane su-u-clearfix su-u-trim\" data-title=\"6\"><img decoding=\"async\" loading=\"lazy\" class=\"alignnone wp-image-79 size-full\" src=\"http:\/\/spolecnost-bananek.4fan.cz\/wp-content\/uploads\/2018\/10\/7.C107.jpg\" alt=\"\" width=\"1600\" height=\"2282\" \/><\/div>\n<div class=\"su-tabs-pane su-u-clearfix su-u-trim\" data-title=\"7\"><img decoding=\"async\" loading=\"lazy\" class=\"alignnone wp-image-80 size-full\" src=\"http:\/\/spolecnost-bananek.4fan.cz\/wp-content\/uploads\/2018\/10\/7.C108.jpg\" alt=\"\" width=\"1600\" height=\"2282\" \/><\/div>\n<div class=\"su-tabs-pane su-u-clearfix su-u-trim\" data-title=\"8\"><img decoding=\"async\" loading=\"lazy\" class=\"alignnone wp-image-82 size-full\" src=\"http:\/\/spolecnost-bananek.4fan.cz\/wp-content\/uploads\/2018\/10\/7.C109-1.jpg\" alt=\"\" width=\"1600\" height=\"2282\" \/><\/div>\n<div class=\"su-tabs-pane su-u-clearfix su-u-trim\" data-title=\"9\"><img decoding=\"async\" loading=\"lazy\" class=\"alignnone wp-image-83 size-full\" src=\"http:\/\/spolecnost-bananek.4fan.cz\/wp-content\/uploads\/2018\/10\/7.C110.jpg\" alt=\"\" width=\"1600\" height=\"2282\" \/><\/div>\n<div class=\"su-tabs-pane su-u-clearfix su-u-trim\" data-title=\"10\"><img decoding=\"async\" loading=\"lazy\" class=\"alignnone wp-image-84 size-full\" src=\"http:\/\/spolecnost-bananek.4fan.cz\/wp-content\/uploads\/2018\/10\/7.C111.jpg\" alt=\"\" width=\"1600\" height=\"2282\" \/><\/div>\n<div class=\"su-tabs-pane su-u-clearfix su-u-trim\" data-title=\"11\"><img decoding=\"async\" loading=\"lazy\" class=\"alignnone wp-image-87 size-full\" src=\"http:\/\/spolecnost-bananek.4fan.cz\/wp-content\/uploads\/2018\/10\/7.C112.jpg\" alt=\"\" width=\"1600\" height=\"2282\" \/><\/div><\/div><\/div>\n\n\n\n<\/div><\/div>\n\n\n\n<p><\/p>\n","protected":false},"excerpt":{"rendered":"","protected":false},"author":1,"featured_media":0,"parent":111,"menu_order":1,"comment_status":"closed","ping_status":"closed","template":"","meta":{"om_disable_all_campaigns":false,"_monsterinsights_skip_tracking":false,"_monsterinsights_sitenote_active":false,"_monsterinsights_sitenote_note":"","_monsterinsights_sitenote_category":0,"footnotes":""},"aioseo_notices":[],"_links":{"self":[{"href":"https:\/\/katerina.jedlicka.live\/index.php\/wp-json\/wp\/v2\/pages\/108"}],"collection":[{"href":"https:\/\/katerina.jedlicka.live\/index.php\/wp-json\/wp\/v2\/pages"}],"about":[{"href":"https:\/\/katerina.jedlicka.live\/index.php\/wp-json\/wp\/v2\/types\/page"}],"author":[{"embeddable":true,"href":"https:\/\/katerina.jedlicka.live\/index.php\/wp-json\/wp\/v2\/users\/1"}],"replies":[{"embeddable":true,"href":"https:\/\/katerina.jedlicka.live\/index.php\/wp-json\/wp\/v2\/comments?post=108"}],"version-history":[{"count":3,"href":"https:\/\/katerina.jedlicka.live\/index.php\/wp-json\/wp\/v2\/pages\/108\/revisions"}],"predecessor-version":[{"id":184,"href":"https:\/\/katerina.jedlicka.live\/index.php\/wp-json\/wp\/v2\/pages\/108\/revisions\/184"}],"up":[{"embeddable":true,"href":"https:\/\/katerina.jedlicka.live\/index.php\/wp-json\/wp\/v2\/pages\/111"}],"wp:attachment":[{"href":"https:\/\/katerina.jedlicka.live\/index.php\/wp-json\/wp\/v2\/media?parent=108"}],"curies":[{"name":"wp","href":"https:\/\/api.w.org\/{rel}","templated":true}]}}