{"id":106,"date":"2021-12-07T20:40:27","date_gmt":"2021-12-07T19:40:27","guid":{"rendered":"http:\/\/katerina.jedlicka.live\/?page_id=106"},"modified":"2021-12-09T22:04:38","modified_gmt":"2021-12-09T21:04:38","slug":"komiksy","status":"publish","type":"page","link":"https:\/\/katerina.jedlicka.live\/index.php\/menu\/komiksy\/","title":{"rendered":"Komiksy"},"content":{"rendered":"\n<p><\/p>\n\n\n\n<div class=\"wp-block-media-text alignwide is-stacked-on-mobile\" style=\"grid-template-columns:20% auto\"><figure class=\"wp-block-media-text__media\"><img decoding=\"async\" loading=\"lazy\" width=\"826\" height=\"802\" src=\"https:\/\/katerina.jedlicka.live\/wp-content\/uploads\/2021\/12\/pavlinda.gif\" alt=\"\" class=\"wp-image-174 size-full\"\/><\/figure><div class=\"wp-block-media-text__content\">\n<p class=\"has-large-font-size\"><a href=\"https:\/\/katerina.jedlicka.live\/index.php\/menu\/komiksy\/skolni-komiksy\/\">\u0160koln\u00ed komiksy<\/a><\/p>\n\n\n\n<p>Pouze pro VIP <\/p>\n<\/div><\/div>\n\n\n\n<hr class=\"wp-block-separator is-style-wide\"\/>\n\n\n\n<div class=\"wp-block-media-text alignwide is-stacked-on-mobile\" style=\"grid-template-columns:22% auto\"><figure class=\"wp-block-media-text__media\"><img decoding=\"async\" loading=\"lazy\" width=\"826\" height=\"801\" src=\"https:\/\/katerina.jedlicka.live\/wp-content\/uploads\/2021\/12\/mlady.jpg\" alt=\"\" class=\"wp-image-178 size-full\" srcset=\"https:\/\/katerina.jedlicka.live\/wp-content\/uploads\/2021\/12\/mlady.jpg 826w, https:\/\/katerina.jedlicka.live\/wp-content\/uploads\/2021\/12\/mlady-300x291.jpg 300w, https:\/\/katerina.jedlicka.live\/wp-content\/uploads\/2021\/12\/mlady-768x745.jpg 768w\" sizes=\"(max-width: 826px) 100vw, 826px\" \/><\/figure><div class=\"wp-block-media-text__content\">\n<p class=\"has-large-font-size\"><a href=\"https:\/\/katerina.jedlicka.live\/index.php\/menu\/komiksy\/nova-tvorba\/\">Nov\u00e1 tvorba<\/a><\/p>\n<\/div><\/div>\n\n\n\n<hr class=\"wp-block-separator is-style-wide\"\/>\n\n\n\n<div class=\"wp-block-media-text alignwide is-stacked-on-mobile\" style=\"grid-template-columns:22% auto\"><figure class=\"wp-block-media-text__media\"><img decoding=\"async\" loading=\"lazy\" width=\"826\" height=\"801\" src=\"https:\/\/katerina.jedlicka.live\/wp-content\/uploads\/2021\/12\/stary.jpg\" alt=\"\" class=\"wp-image-176 size-full\" srcset=\"https:\/\/katerina.jedlicka.live\/wp-content\/uploads\/2021\/12\/stary.jpg 826w, https:\/\/katerina.jedlicka.live\/wp-content\/uploads\/2021\/12\/stary-300x291.jpg 300w, https:\/\/katerina.jedlicka.live\/wp-content\/uploads\/2021\/12\/stary-768x745.jpg 768w\" sizes=\"(max-width: 826px) 100vw, 826px\" \/><\/figure><div class=\"wp-block-media-text__content\">\n<p class=\"has-large-font-size\"><a href=\"https:\/\/katerina.jedlicka.live\/index.php\/menu\/komiksy\/stara-tvorba\/\">Star\u00e1 tvorba<\/a><\/p>\n<\/div><\/div>\n\n\n\n<hr class=\"wp-block-separator is-style-wide\"\/>\n\n\n\n<div class=\"wp-block-buttons is-layout-flex wp-block-buttons-is-layout-flex\">\n<div class=\"wp-block-button\"><a class=\"wp-block-button__link\" href=\"https:\/\/katerina.jedlicka.live\/index.php\/prispevky-2\/\">Zp\u011bt<\/a><\/div>\n<\/div>\n\n\n\n<p><\/p>\n","protected":false},"excerpt":{"rendered":"<p>\u0160koln\u00ed komiksy Pouze pro VIP Nov\u00e1 tvorba Star\u00e1 tvorba<\/p>\n","protected":false},"author":1,"featured_media":0,"parent":9,"menu_order":0,"comment_status":"closed","ping_status":"closed","template":"","meta":{"om_disable_all_campaigns":false,"_monsterinsights_skip_tracking":false,"_monsterinsights_sitenote_active":false,"_monsterinsights_sitenote_note":"","_monsterinsights_sitenote_category":0,"footnotes":""},"aioseo_notices":[],"_links":{"self":[{"href":"https:\/\/katerina.jedlicka.live\/index.php\/wp-json\/wp\/v2\/pages\/106"}],"collection":[{"href":"https:\/\/katerina.jedlicka.live\/index.php\/wp-json\/wp\/v2\/pages"}],"about":[{"href":"https:\/\/katerina.jedlicka.live\/index.php\/wp-json\/wp\/v2\/types\/page"}],"author":[{"embeddable":true,"href":"https:\/\/katerina.jedlicka.live\/index.php\/wp-json\/wp\/v2\/users\/1"}],"replies":[{"embeddable":true,"href":"https:\/\/katerina.jedlicka.live\/index.php\/wp-json\/wp\/v2\/comments?post=106"}],"version-history":[{"count":7,"href":"https:\/\/katerina.jedlicka.live\/index.php\/wp-json\/wp\/v2\/pages\/106\/revisions"}],"predecessor-version":[{"id":217,"href":"https:\/\/katerina.jedlicka.live\/index.php\/wp-json\/wp\/v2\/pages\/106\/revisions\/217"}],"up":[{"embeddable":true,"href":"https:\/\/katerina.jedlicka.live\/index.php\/wp-json\/wp\/v2\/pages\/9"}],"wp:attachment":[{"href":"https:\/\/katerina.jedlicka.live\/index.php\/wp-json\/wp\/v2\/media?parent=106"}],"curies":[{"name":"wp","href":"https:\/\/api.w.org\/{rel}","templated":true}]}}